{"id":21323,"date":"2024-04-23T19:12:56","date_gmt":"2024-04-23T17:12:56","guid":{"rendered":"https:\/\/www.tourismer.org\/?page_id=21323"},"modified":"2024-11-18T11:08:36","modified_gmt":"2024-11-18T10:08:36","slug":"presse","status":"publish","type":"page","link":"https:\/\/www.tourismer.org\/en\/presse\/","title":{"rendered":"PRESS"},"content":{"rendered":"<div data-elementor-type=\"wp-page\" data-elementor-id=\"21323\" class=\"elementor elementor-21323\">\n\t\t\t\t\t\t<section class=\"elementor-section elementor-top-section elementor-element elementor-element-6251933 elementor-section-boxed elementor-section-height-default elementor-section-height-default\" data-id=\"6251933\" data-element_type=\"section\" data-e-type=\"section\">\n\t\t\t\t\t\t<div class=\"elementor-container elementor-column-gap-default\">\n\t\t\t\t\t<div class=\"elementor-column elementor-col-100 elementor-top-column elementor-element elementor-element-491cc84\" data-id=\"491cc84\" data-element_type=\"column\" data-e-type=\"column\">\n\t\t\t<div class=\"elementor-widget-wrap elementor-element-populated\">\n\t\t\t\t\t\t<div class=\"elementor-element elementor-element-8fc1ec3 de_scroll_animation_no elementor-widget elementor-widget-image\" data-id=\"8fc1ec3\" data-element_type=\"widget\" data-e-type=\"widget\" data-widget_type=\"image.default\">\n\t\t\t\t<div class=\"elementor-widget-container\">\n\t\t\t\t\t\t\t\t\t\t\t\t\t\t\t<img fetchpriority=\"high\" decoding=\"async\" width=\"1500\" height=\"500\" src=\"https:\/\/www.tourismer.org\/wp-content\/uploads\/2024\/09\/Tourismer-Press-1.png\" class=\"attachment-full size-full wp-image-22117\" alt=\"\" srcset=\"https:\/\/www.tourismer.org\/wp-content\/uploads\/2024\/09\/Tourismer-Press-1.png 1500w, https:\/\/www.tourismer.org\/wp-content\/uploads\/2024\/09\/Tourismer-Press-1-300x100.png 300w, https:\/\/www.tourismer.org\/wp-content\/uploads\/2024\/09\/Tourismer-Press-1-1024x341.png 1024w, https:\/\/www.tourismer.org\/wp-content\/uploads\/2024\/09\/Tourismer-Press-1-768x256.png 768w, https:\/\/www.tourismer.org\/wp-content\/uploads\/2024\/09\/Tourismer-Press-1-18x6.png 18w\" sizes=\"(max-width: 1500px) 100vw, 1500px\" \/>\t\t\t\t\t\t\t\t\t\t\t\t\t\t\t<\/div>\n\t\t\t\t<\/div>\n\t\t\t\t\t<\/div>\n\t\t<\/div>\n\t\t\t\t\t<\/div>\n\t\t<\/section>\n\t\t\t\t<section class=\"elementor-section elementor-top-section elementor-element elementor-element-5f6986cc elementor-section-full_width elementor-section-height-default elementor-section-height-default\" data-id=\"5f6986cc\" data-element_type=\"section\" data-e-type=\"section\">\n\t\t\t\t\t\t<div class=\"elementor-container elementor-column-gap-no\">\n\t\t\t\t\t<div class=\"elementor-column elementor-col-100 elementor-top-column elementor-element elementor-element-61c67d00\" data-id=\"61c67d00\" data-element_type=\"column\" data-e-type=\"column\">\n\t\t\t<div class=\"elementor-widget-wrap elementor-element-populated\">\n\t\t\t\t\t\t<div class=\"elementor-element elementor-element-f2256d3 de_scroll_animation_no elementor-widget elementor-widget-elementskit-heading\" data-id=\"f2256d3\" data-element_type=\"widget\" data-e-type=\"widget\" data-widget_type=\"elementskit-heading.default\">\n\t\t\t\t<div class=\"elementor-widget-container\">\n\t\t\t\t\t<div class=\"ekit-wid-con\" ><div class=\"ekit-heading elementskit-section-title-wraper center   ekit_heading_tablet-   ekit_heading_mobile-\"><h2 class=\"ekit-heading--title elementskit-section-title\">Press Release<\/h2><div class=\"ekit_heading_separetor_wraper ekit_heading_elementskit-border-divider ekit-dotted\"><div class=\"elementskit-border-divider ekit-dotted\"><\/div><\/div><\/div><\/div>\t\t\t\t<\/div>\n\t\t\t\t<\/div>\n\t\t\t\t<section class=\"elementor-section elementor-inner-section elementor-element elementor-element-2c321fa6 elementor-section-boxed elementor-section-height-default elementor-section-height-default\" data-id=\"2c321fa6\" data-element_type=\"section\" data-e-type=\"section\">\n\t\t\t\t\t\t<div class=\"elementor-container elementor-column-gap-default\">\n\t\t\t\t\t<div class=\"elementor-column elementor-col-33 elementor-inner-column elementor-element elementor-element-730f5306\" data-id=\"730f5306\" data-element_type=\"column\" data-e-type=\"column\">\n\t\t\t<div class=\"elementor-widget-wrap elementor-element-populated\">\n\t\t\t\t\t\t<div class=\"elementor-element elementor-element-78b5aff2 ekit-equal-height-disable de_scroll_animation_no elementor-widget elementor-widget-elementskit-image-box\" data-id=\"78b5aff2\" data-element_type=\"widget\" data-e-type=\"widget\" data-widget_type=\"elementskit-image-box.default\">\n\t\t\t\t<div class=\"elementor-widget-container\">\n\t\t\t\t\t<div class=\"ekit-wid-con\" >\n            <div class=\"elementskit-info-image-box ekit-image-box text-left style-sideline\" >\n\n                \n                <div class=\"elementskit-box-header image-box-img-left\">\n\n                    <img decoding=\"async\" width=\"500\" height=\"500\" src=\"https:\/\/www.tourismer.org\/wp-content\/uploads\/2024\/11\/Indian-ocean-biodiversity.png\" class=\"attachment-full size-full wp-image-22334\" alt=\"\" srcset=\"https:\/\/www.tourismer.org\/wp-content\/uploads\/2024\/11\/Indian-ocean-biodiversity.png 500w, https:\/\/www.tourismer.org\/wp-content\/uploads\/2024\/11\/Indian-ocean-biodiversity-300x300.png 300w, https:\/\/www.tourismer.org\/wp-content\/uploads\/2024\/11\/Indian-ocean-biodiversity-150x150.png 150w, https:\/\/www.tourismer.org\/wp-content\/uploads\/2024\/11\/Indian-ocean-biodiversity-12x12.png 12w\" sizes=\"(max-width: 500px) 100vw, 500px\" \/>\n                <\/div>\n                \n                <div class=\"elementskit-box-body ekit-image-box-body\">\n                    <div class=\"elementskit-box-content ekit-image-box-body-inner\">\n                                                <h3 class=\"elementskit-info-box-title\">\n\n                        Tourismer embraces a challenge in the Indian Ocean\n                        \n                    <\/h3>\n                                                            <div class=\"elementskit-box-style-content\">\n                        With over 200,000 visitors exploring our platforms and entrusting us with their quest for Indian Ocean tourism updates, we firmly believe that our influence and reach will extend beyond the borders of the Indian Ocean.                    <\/div>\n                                    <\/div>\n\n                                <div class=\"elementskit-box-footer\">\n                    <div class=\"box-footer\">\n                        <div class=\"btn-wraper\">\n                                                            <a href=\"https:\/\/tourismer.io\/tourismer-embraces-a-challenge-in-the-indian-ocean\/\" class=\"elementskit-btn whitespace--normal\" target=\"_blank\" rel=\"noopener\">\n                                    \n                                    <i aria-hidden=\"true\" class=\"fas fa-arrow-circle-right\"><\/i>\n                                                                    <\/a>\n                                                        <\/div>\n                    <\/div>\n                <\/div>\n                            <\/div>\n            <\/div>\n    <\/div>\t\t\t\t<\/div>\n\t\t\t\t<\/div>\n\t\t\t\t\t<\/div>\n\t\t<\/div>\n\t\t\t\t<div class=\"elementor-column elementor-col-33 elementor-inner-column elementor-element elementor-element-29929f7\" data-id=\"29929f7\" data-element_type=\"column\" data-e-type=\"column\">\n\t\t\t<div class=\"elementor-widget-wrap elementor-element-populated\">\n\t\t\t\t\t\t<div class=\"elementor-element elementor-element-154651d ekit-equal-height-disable de_scroll_animation_no elementor-widget elementor-widget-elementskit-image-box\" data-id=\"154651d\" data-element_type=\"widget\" data-e-type=\"widget\" data-widget_type=\"elementskit-image-box.default\">\n\t\t\t\t<div class=\"elementor-widget-container\">\n\t\t\t\t\t<div class=\"ekit-wid-con\" >\n            <div class=\"elementskit-info-image-box ekit-image-box text-left style-sideline\" >\n\n                \n                <div class=\"elementskit-box-header image-box-img-left\">\n\n                    <img decoding=\"async\" width=\"500\" height=\"500\" src=\"https:\/\/www.tourismer.org\/wp-content\/uploads\/2024\/11\/MoU.png\" class=\"attachment-full size-full wp-image-22336\" alt=\"\" srcset=\"https:\/\/www.tourismer.org\/wp-content\/uploads\/2024\/11\/MoU.png 500w, https:\/\/www.tourismer.org\/wp-content\/uploads\/2024\/11\/MoU-300x300.png 300w, https:\/\/www.tourismer.org\/wp-content\/uploads\/2024\/11\/MoU-150x150.png 150w, https:\/\/www.tourismer.org\/wp-content\/uploads\/2024\/11\/MoU-12x12.png 12w\" sizes=\"(max-width: 500px) 100vw, 500px\" \/>\n                <\/div>\n                \n                <div class=\"elementskit-box-body ekit-image-box-body\">\n                    <div class=\"elementskit-box-content ekit-image-box-body-inner\">\n                                                <h3 class=\"elementskit-info-box-title\">\n\n                        A formalized Memorandum of Understanding between TOURISMER and ANT Djibouti\n                        \n                    <\/h3>\n                                                            <div class=\"elementskit-box-style-content\">\n                        A MoU was signed between TOURISMER and the National Tourism Agency of Djibouti, paving the way for collaboration aimed at promoting\u00a0Djibouti as a tourist destination.                    <\/div>\n                                    <\/div>\n\n                                <div class=\"elementskit-box-footer\">\n                    <div class=\"box-footer\">\n                        <div class=\"btn-wraper\">\n                                                            <a href=\"https:\/\/tourismer.io\/a-memorandum-of-understanding-has-been-established-between-tourismer-and-ant-djibouti\/\" class=\"elementskit-btn whitespace--normal\" target=\"_blank\" rel=\"noopener\">\n                                    \n                                    <i aria-hidden=\"true\" class=\"fas fa-arrow-circle-right\"><\/i>\n                                                                    <\/a>\n                                                        <\/div>\n                    <\/div>\n                <\/div>\n                            <\/div>\n            <\/div>\n    <\/div>\t\t\t\t<\/div>\n\t\t\t\t<\/div>\n\t\t\t\t\t<\/div>\n\t\t<\/div>\n\t\t\t\t<div class=\"elementor-column elementor-col-33 elementor-inner-column elementor-element elementor-element-fdff987\" data-id=\"fdff987\" data-element_type=\"column\" data-e-type=\"column\">\n\t\t\t<div class=\"elementor-widget-wrap elementor-element-populated\">\n\t\t\t\t\t\t<div class=\"elementor-element elementor-element-38174a2 ekit-equal-height-disable de_scroll_animation_no elementor-widget elementor-widget-elementskit-image-box\" data-id=\"38174a2\" data-element_type=\"widget\" data-e-type=\"widget\" data-widget_type=\"elementskit-image-box.default\">\n\t\t\t\t<div class=\"elementor-widget-container\">\n\t\t\t\t\t<div class=\"ekit-wid-con\" >\n            <div class=\"elementskit-info-image-box ekit-image-box text-left style-sideline\" >\n\n                \n                <div class=\"elementskit-box-header image-box-img-left\">\n\n                    <img loading=\"lazy\" decoding=\"async\" width=\"500\" height=\"500\" src=\"https:\/\/www.tourismer.org\/wp-content\/uploads\/2024\/11\/Indian-Ocean-Responsible-Tourism.png\" class=\"attachment-full size-full wp-image-22337\" alt=\"\" srcset=\"https:\/\/www.tourismer.org\/wp-content\/uploads\/2024\/11\/Indian-Ocean-Responsible-Tourism.png 500w, https:\/\/www.tourismer.org\/wp-content\/uploads\/2024\/11\/Indian-Ocean-Responsible-Tourism-300x300.png 300w, https:\/\/www.tourismer.org\/wp-content\/uploads\/2024\/11\/Indian-Ocean-Responsible-Tourism-150x150.png 150w, https:\/\/www.tourismer.org\/wp-content\/uploads\/2024\/11\/Indian-Ocean-Responsible-Tourism-12x12.png 12w\" sizes=\"(max-width: 500px) 100vw, 500px\" \/>\n                <\/div>\n                \n                <div class=\"elementskit-box-body ekit-image-box-body\">\n                    <div class=\"elementskit-box-content ekit-image-box-body-inner\">\n                                                <h3 class=\"elementskit-info-box-title\">\n\n                        TOURISMER, A New International Player in Responsible Tourism\n                        \n                    <\/h3>\n                                                            <div class=\"elementskit-box-style-content\">\n                        TOURISMER aims to take you on a journey to the countries surrounding our oceans, and thus promote local development.                    <\/div>\n                                    <\/div>\n\n                                <div class=\"elementskit-box-footer\">\n                    <div class=\"box-footer\">\n                        <div class=\"btn-wraper\">\n                                                            <a href=\"https:\/\/tourismer.io\/tourismer-a-new-international-player-in-responsible-tourism\/\" class=\"elementskit-btn whitespace--normal\" target=\"_blank\" rel=\"noopener\">\n                                    \n                                    <i aria-hidden=\"true\" class=\"fas fa-arrow-circle-right\"><\/i>\n                                                                    <\/a>\n                                                        <\/div>\n                    <\/div>\n                <\/div>\n                            <\/div>\n            <\/div>\n    <\/div>\t\t\t\t<\/div>\n\t\t\t\t<\/div>\n\t\t\t\t\t<\/div>\n\t\t<\/div>\n\t\t\t\t\t<\/div>\n\t\t<\/section>\n\t\t\t\t\t<\/div>\n\t\t<\/div>\n\t\t\t\t\t<\/div>\n\t\t<\/section>\n\t\t\t\t<section class=\"elementor-section elementor-top-section elementor-element elementor-element-31b58bc elementor-section-boxed elementor-section-height-default elementor-section-height-default\" data-id=\"31b58bc\" data-element_type=\"section\" data-e-type=\"section\">\n\t\t\t\t\t\t<div class=\"elementor-container elementor-column-gap-default\">\n\t\t\t\t\t<div class=\"elementor-column elementor-col-100 elementor-top-column elementor-element elementor-element-d0150bd\" data-id=\"d0150bd\" data-element_type=\"column\" data-e-type=\"column\">\n\t\t\t<div class=\"elementor-widget-wrap elementor-element-populated\">\n\t\t\t\t\t\t<div class=\"elementor-element elementor-element-db31a2b elementor-view-default de_scroll_animation_no elementor-widget elementor-widget-icon\" data-id=\"db31a2b\" data-element_type=\"widget\" data-e-type=\"widget\" data-widget_type=\"icon.default\">\n\t\t\t\t<div class=\"elementor-widget-container\">\n\t\t\t\t\t\t\t<div class=\"elementor-icon-wrapper\">\n\t\t\t<a class=\"elementor-icon\" href=\"https:\/\/www.tourismer.org\/en\/\">\n\t\t\t<i aria-hidden=\"true\" class=\"fas fa-home\"><\/i>\t\t\t<\/a>\n\t\t<\/div>\n\t\t\t\t\t\t<\/div>\n\t\t\t\t<\/div>\n\t\t\t\t\t<\/div>\n\t\t<\/div>\n\t\t\t\t\t<\/div>\n\t\t<\/section>\n\t\t\t\t<\/div>","protected":false},"excerpt":{"rendered":"<p>Revue de Presse Tourismer embraces a challenge in the Indian Ocean With over 200,000 visitors exploring our platforms and entrusting us with their quest for Indian Ocean tourism updates, we firmly believe that our influence and reach will extend beyond the borders of the Indian Ocean. A formalized Memorandum of Understanding between TOURISMER and ANT [&hellip;]<\/p>\n","protected":false},"author":1,"featured_media":0,"parent":0,"menu_order":0,"comment_status":"closed","ping_status":"closed","template":"","meta":{"footnotes":""},"class_list":["post-21323","page","type-page","status-publish","hentry"],"yoast_head":"<!-- This site is optimized with the Yoast SEO plugin v27.3 - https:\/\/yoast.com\/product\/yoast-seo-wordpress\/ -->\n<title>Presse - VOYAGE OCEAN INDIEN by TOURISMER<\/title>\n<meta name=\"description\" content=\"TOURISMER communiqu\u00e9 de presse , nos derni\u00e8res actualit\u00e9s pour vous tenir inform\u00e9 de nos activit\u00e9s. Nous sommes ravis de les annoncer\" \/>\n<meta name=\"robots\" content=\"index, follow, max-snippet:-1, max-image-preview:large, max-video-preview:-1\" \/>\n<link rel=\"canonical\" href=\"https:\/\/www.tourismer.org\/en\/presse\/\" \/>\n<meta property=\"og:locale\" content=\"en_US\" \/>\n<meta property=\"og:type\" content=\"article\" \/>\n<meta property=\"og:title\" content=\"Presse - VOYAGE OCEAN INDIEN by TOURISMER\" \/>\n<meta property=\"og:description\" content=\"TOURISMER communiqu\u00e9 de presse , nos derni\u00e8res actualit\u00e9s pour vous tenir inform\u00e9 de nos activit\u00e9s. Nous sommes ravis de les annoncer\" \/>\n<meta property=\"og:url\" content=\"https:\/\/www.tourismer.org\/en\/presse\/\" \/>\n<meta property=\"og:site_name\" content=\"VOYAGE OCEAN INDIEN by TOURISMER\" \/>\n<meta property=\"article:modified_time\" content=\"2024-11-18T10:08:36+00:00\" \/>\n<meta property=\"og:image\" content=\"https:\/\/www.tourismer.org\/wp-content\/uploads\/2024\/09\/Tourismer-Press-1.png\" \/>\n\t<meta property=\"og:image:width\" content=\"1500\" \/>\n\t<meta property=\"og:image:height\" content=\"500\" \/>\n\t<meta property=\"og:image:type\" content=\"image\/png\" \/>\n<meta name=\"twitter:card\" content=\"summary_large_image\" \/>\n<meta name=\"twitter:label1\" content=\"Est. reading time\" \/>\n\t<meta name=\"twitter:data1\" content=\"2 minutes\" \/>\n<script type=\"application\/ld+json\" class=\"yoast-schema-graph\">{\"@context\":\"https:\\\/\\\/schema.org\",\"@graph\":[{\"@type\":\"WebPage\",\"@id\":\"https:\\\/\\\/www.tourismer.org\\\/presse\\\/\",\"url\":\"https:\\\/\\\/www.tourismer.org\\\/presse\\\/\",\"name\":\"Presse - VOYAGE OCEAN INDIEN by TOURISMER\",\"isPartOf\":{\"@id\":\"https:\\\/\\\/www.tourismer.org\\\/#website\"},\"primaryImageOfPage\":{\"@id\":\"https:\\\/\\\/www.tourismer.org\\\/presse\\\/#primaryimage\"},\"image\":{\"@id\":\"https:\\\/\\\/www.tourismer.org\\\/presse\\\/#primaryimage\"},\"thumbnailUrl\":\"https:\\\/\\\/www.tourismer.org\\\/wp-content\\\/uploads\\\/2024\\\/09\\\/Tourismer-Press-1.png\",\"datePublished\":\"2024-04-23T17:12:56+00:00\",\"dateModified\":\"2024-11-18T10:08:36+00:00\",\"description\":\"TOURISMER communiqu\u00e9 de presse , nos derni\u00e8res actualit\u00e9s pour vous tenir inform\u00e9 de nos activit\u00e9s. Nous sommes ravis de les annoncer\",\"breadcrumb\":{\"@id\":\"https:\\\/\\\/www.tourismer.org\\\/presse\\\/#breadcrumb\"},\"inLanguage\":\"en-US\",\"potentialAction\":[{\"@type\":\"ReadAction\",\"target\":[\"https:\\\/\\\/www.tourismer.org\\\/presse\\\/\"]}]},{\"@type\":\"ImageObject\",\"inLanguage\":\"en-US\",\"@id\":\"https:\\\/\\\/www.tourismer.org\\\/presse\\\/#primaryimage\",\"url\":\"https:\\\/\\\/www.tourismer.org\\\/wp-content\\\/uploads\\\/2024\\\/09\\\/Tourismer-Press-1.png\",\"contentUrl\":\"https:\\\/\\\/www.tourismer.org\\\/wp-content\\\/uploads\\\/2024\\\/09\\\/Tourismer-Press-1.png\"},{\"@type\":\"BreadcrumbList\",\"@id\":\"https:\\\/\\\/www.tourismer.org\\\/presse\\\/#breadcrumb\",\"itemListElement\":[{\"@type\":\"ListItem\",\"position\":1,\"name\":\"Accueil\",\"item\":\"https:\\\/\\\/www.tourismer.org\\\/\"},{\"@type\":\"ListItem\",\"position\":2,\"name\":\"Presse\"}]},{\"@type\":\"WebSite\",\"@id\":\"https:\\\/\\\/www.tourismer.org\\\/#website\",\"url\":\"https:\\\/\\\/www.tourismer.org\\\/\",\"name\":\"VOYAGE OCEAN INDIEN by TOURISMER\",\"description\":\"Tourismer l&#039;expert des Voyages responsables Oc\u00e9an Indien\",\"publisher\":{\"@id\":\"https:\\\/\\\/www.tourismer.org\\\/#organization\"},\"potentialAction\":[{\"@type\":\"SearchAction\",\"target\":{\"@type\":\"EntryPoint\",\"urlTemplate\":\"https:\\\/\\\/www.tourismer.org\\\/?s={search_term_string}\"},\"query-input\":{\"@type\":\"PropertyValueSpecification\",\"valueRequired\":true,\"valueName\":\"search_term_string\"}}],\"inLanguage\":\"en-US\"},{\"@type\":\"Organization\",\"@id\":\"https:\\\/\\\/www.tourismer.org\\\/#organization\",\"name\":\"VOYAGE OCEAN INDIEN by TOURISMER\",\"url\":\"https:\\\/\\\/www.tourismer.org\\\/\",\"logo\":{\"@type\":\"ImageObject\",\"inLanguage\":\"en-US\",\"@id\":\"https:\\\/\\\/www.tourismer.org\\\/#\\\/schema\\\/logo\\\/image\\\/\",\"url\":\"https:\\\/\\\/www.tourismer.org\\\/wp-content\\\/uploads\\\/2023\\\/05\\\/Tourismer.webp\",\"contentUrl\":\"https:\\\/\\\/www.tourismer.org\\\/wp-content\\\/uploads\\\/2023\\\/05\\\/Tourismer.webp\",\"width\":1640,\"height\":800,\"caption\":\"VOYAGE OCEAN INDIEN by TOURISMER\"},\"image\":{\"@id\":\"https:\\\/\\\/www.tourismer.org\\\/#\\\/schema\\\/logo\\\/image\\\/\"}}]}<\/script>\n<!-- \/ Yoast SEO plugin. -->","yoast_head_json":{"title":"Presse - VOYAGE OCEAN INDIEN by TOURISMER","description":"TOURISMER communiqu\u00e9 de presse , nos derni\u00e8res actualit\u00e9s pour vous tenir inform\u00e9 de nos activit\u00e9s. Nous sommes ravis de les annoncer","robots":{"index":"index","follow":"follow","max-snippet":"max-snippet:-1","max-image-preview":"max-image-preview:large","max-video-preview":"max-video-preview:-1"},"canonical":"https:\/\/www.tourismer.org\/en\/presse\/","og_locale":"en_US","og_type":"article","og_title":"Presse - VOYAGE OCEAN INDIEN by TOURISMER","og_description":"TOURISMER communiqu\u00e9 de presse , nos derni\u00e8res actualit\u00e9s pour vous tenir inform\u00e9 de nos activit\u00e9s. Nous sommes ravis de les annoncer","og_url":"https:\/\/www.tourismer.org\/en\/presse\/","og_site_name":"VOYAGE OCEAN INDIEN by TOURISMER","article_modified_time":"2024-11-18T10:08:36+00:00","og_image":[{"width":1500,"height":500,"url":"https:\/\/www.tourismer.org\/wp-content\/uploads\/2024\/09\/Tourismer-Press-1.png","type":"image\/png"}],"twitter_card":"summary_large_image","twitter_misc":{"Est. reading time":"2 minutes"},"schema":{"@context":"https:\/\/schema.org","@graph":[{"@type":"WebPage","@id":"https:\/\/www.tourismer.org\/presse\/","url":"https:\/\/www.tourismer.org\/presse\/","name":"Presse - VOYAGE OCEAN INDIEN by TOURISMER","isPartOf":{"@id":"https:\/\/www.tourismer.org\/#website"},"primaryImageOfPage":{"@id":"https:\/\/www.tourismer.org\/presse\/#primaryimage"},"image":{"@id":"https:\/\/www.tourismer.org\/presse\/#primaryimage"},"thumbnailUrl":"https:\/\/www.tourismer.org\/wp-content\/uploads\/2024\/09\/Tourismer-Press-1.png","datePublished":"2024-04-23T17:12:56+00:00","dateModified":"2024-11-18T10:08:36+00:00","description":"TOURISMER communiqu\u00e9 de presse , nos derni\u00e8res actualit\u00e9s pour vous tenir inform\u00e9 de nos activit\u00e9s. Nous sommes ravis de les annoncer","breadcrumb":{"@id":"https:\/\/www.tourismer.org\/presse\/#breadcrumb"},"inLanguage":"en-US","potentialAction":[{"@type":"ReadAction","target":["https:\/\/www.tourismer.org\/presse\/"]}]},{"@type":"ImageObject","inLanguage":"en-US","@id":"https:\/\/www.tourismer.org\/presse\/#primaryimage","url":"https:\/\/www.tourismer.org\/wp-content\/uploads\/2024\/09\/Tourismer-Press-1.png","contentUrl":"https:\/\/www.tourismer.org\/wp-content\/uploads\/2024\/09\/Tourismer-Press-1.png"},{"@type":"BreadcrumbList","@id":"https:\/\/www.tourismer.org\/presse\/#breadcrumb","itemListElement":[{"@type":"ListItem","position":1,"name":"Accueil","item":"https:\/\/www.tourismer.org\/"},{"@type":"ListItem","position":2,"name":"Presse"}]},{"@type":"WebSite","@id":"https:\/\/www.tourismer.org\/#website","url":"https:\/\/www.tourismer.org\/","name":"INDIAN OCEAN TRAVEL by TOURISMER","description":"Tourismer l&#039;expert des Voyages responsables Oc\u00e9an Indien","publisher":{"@id":"https:\/\/www.tourismer.org\/#organization"},"potentialAction":[{"@type":"SearchAction","target":{"@type":"EntryPoint","urlTemplate":"https:\/\/www.tourismer.org\/?s={search_term_string}"},"query-input":{"@type":"PropertyValueSpecification","valueRequired":true,"valueName":"search_term_string"}}],"inLanguage":"en-US"},{"@type":"Organization","@id":"https:\/\/www.tourismer.org\/#organization","name":"INDIAN OCEAN TRAVEL by TOURISMER","url":"https:\/\/www.tourismer.org\/","logo":{"@type":"ImageObject","inLanguage":"en-US","@id":"https:\/\/www.tourismer.org\/#\/schema\/logo\/image\/","url":"https:\/\/www.tourismer.org\/wp-content\/uploads\/2023\/05\/Tourismer.webp","contentUrl":"https:\/\/www.tourismer.org\/wp-content\/uploads\/2023\/05\/Tourismer.webp","width":1640,"height":800,"caption":"VOYAGE OCEAN INDIEN by TOURISMER"},"image":{"@id":"https:\/\/www.tourismer.org\/#\/schema\/logo\/image\/"}}]}},"_links":{"self":[{"href":"https:\/\/www.tourismer.org\/en\/wp-json\/wp\/v2\/pages\/21323","targetHints":{"allow":["GET"]}}],"collection":[{"href":"https:\/\/www.tourismer.org\/en\/wp-json\/wp\/v2\/pages"}],"about":[{"href":"https:\/\/www.tourismer.org\/en\/wp-json\/wp\/v2\/types\/page"}],"author":[{"embeddable":true,"href":"https:\/\/www.tourismer.org\/en\/wp-json\/wp\/v2\/users\/1"}],"replies":[{"embeddable":true,"href":"https:\/\/www.tourismer.org\/en\/wp-json\/wp\/v2\/comments?post=21323"}],"version-history":[{"count":0,"href":"https:\/\/www.tourismer.org\/en\/wp-json\/wp\/v2\/pages\/21323\/revisions"}],"wp:attachment":[{"href":"https:\/\/www.tourismer.org\/en\/wp-json\/wp\/v2\/media?parent=21323"}],"curies":[{"name":"wp","href":"https:\/\/api.w.org\/{rel}","templated":true}]}}