{"id":4820,"date":"2023-03-27T17:06:36","date_gmt":"2023-03-27T15:06:36","guid":{"rendered":"https:\/\/www.tourismer.org\/?page_id=4820"},"modified":"2024-11-08T11:19:24","modified_gmt":"2024-11-08T10:19:24","slug":"tourisme-responsable-soutenir-lelevage","status":"publish","type":"page","link":"https:\/\/www.tourismer.org\/en\/tourisme-responsable-soutenir-lelevage\/","title":{"rendered":"Tourisme responsable soutenir l&rsquo;\u00e9levage"},"content":{"rendered":"<div data-elementor-type=\"wp-page\" data-elementor-id=\"4820\" class=\"elementor elementor-4820\">\n\t\t\t\t\t\t<section class=\"elementor-section elementor-top-section elementor-element elementor-element-79adc91f elementor-section-height-min-height elementor-section-boxed elementor-section-height-default elementor-section-items-middle elementor-invisible\" data-id=\"79adc91f\" data-element_type=\"section\" data-e-type=\"section\" data-settings=\"{&quot;background_background&quot;:&quot;classic&quot;,&quot;animation&quot;:&quot;fadeIn&quot;}\">\n\t\t\t\t\t\t\t<div class=\"elementor-background-overlay\"><\/div>\n\t\t\t\t\t\t\t<div class=\"elementor-container elementor-column-gap-default\">\n\t\t\t\t\t<div class=\"elementor-column elementor-col-100 elementor-top-column elementor-element elementor-element-3c71acd2\" data-id=\"3c71acd2\" data-element_type=\"column\" data-e-type=\"column\">\n\t\t\t<div class=\"elementor-widget-wrap elementor-element-populated\">\n\t\t\t\t\t\t<div class=\"elementor-element elementor-element-14aacc60 de_scroll_animation_no elementor-invisible elementor-widget elementor-widget-heading\" data-id=\"14aacc60\" data-element_type=\"widget\" data-e-type=\"widget\" data-settings=\"{&quot;_animation&quot;:&quot;fadeInDown&quot;}\" data-widget_type=\"heading.default\">\n\t\t\t\t<div class=\"elementor-widget-container\">\n\t\t\t\t\t<h1 class=\"elementor-heading-title elementor-size-large\">RESPONSIBLE TOURISM:\nSUPPORT LIVESTOCK<\/h1>\t\t\t\t<\/div>\n\t\t\t\t<\/div>\n\t\t\t\t\t<\/div>\n\t\t<\/div>\n\t\t\t\t\t<\/div>\n\t\t<\/section>\n\t\t\t\t<section class=\"elementor-section elementor-top-section elementor-element elementor-element-722cfa14 elementor-section-content-middle elementor-section-boxed elementor-section-height-default elementor-section-height-default\" data-id=\"722cfa14\" data-element_type=\"section\" data-e-type=\"section\" data-settings=\"{&quot;background_background&quot;:&quot;classic&quot;}\">\n\t\t\t\t\t\t<div class=\"elementor-container elementor-column-gap-no\">\n\t\t\t\t\t<div class=\"elementor-column elementor-col-100 elementor-top-column elementor-element elementor-element-274e6ed\" data-id=\"274e6ed\" data-element_type=\"column\" data-e-type=\"column\">\n\t\t\t<div class=\"elementor-widget-wrap elementor-element-populated\">\n\t\t\t\t\t\t<div class=\"elementor-element elementor-element-4f96c4f8 elementor-position-left elementor-vertical-align-top de_scroll_animation_no elementor-widget elementor-widget-image-box\" data-id=\"4f96c4f8\" data-element_type=\"widget\" data-e-type=\"widget\" data-widget_type=\"image-box.default\">\n\t\t\t\t<div class=\"elementor-widget-container\">\n\t\t\t\t\t<div class=\"elementor-image-box-wrapper\"><figure class=\"elementor-image-box-img\"><img fetchpriority=\"high\" decoding=\"async\" width=\"300\" height=\"225\" src=\"https:\/\/www.tourismer.org\/wp-content\/uploads\/2023\/07\/Elevage-1-300x225.png\" class=\"attachment-medium size-medium wp-image-11738\" alt=\"\" srcset=\"https:\/\/www.tourismer.org\/wp-content\/uploads\/2023\/07\/Elevage-1-300x225.png 300w, https:\/\/www.tourismer.org\/wp-content\/uploads\/2023\/07\/Elevage-1-768x576.png 768w, https:\/\/www.tourismer.org\/wp-content\/uploads\/2023\/07\/Elevage-1.png 1024w\" sizes=\"(max-width: 300px) 100vw, 300px\" \/><\/figure><div class=\"elementor-image-box-content\"><h3 class=\"elementor-image-box-title\">Farming and sustainable development<\/h3><p class=\"elementor-image-box-description\">Livestock farming ensures the existence and food security of 1.3 billion people in developing countries.\n\nTo meet a global increase in demand and adapt to changing production and marketing methods, livestock farming faces a major challenge: to increase production volumes while preserving natural resources, the many forms of agriculture and the farmers who depend on them.<\/p><\/div><\/div>\t\t\t\t<\/div>\n\t\t\t\t<\/div>\n\t\t\t\t\t<\/div>\n\t\t<\/div>\n\t\t\t\t\t<\/div>\n\t\t<\/section>\n\t\t\t\t<section class=\"elementor-section elementor-top-section elementor-element elementor-element-fdce6fb elementor-section-content-middle elementor-section-boxed elementor-section-height-default elementor-section-height-default\" data-id=\"fdce6fb\" data-element_type=\"section\" data-e-type=\"section\">\n\t\t\t\t\t\t<div class=\"elementor-container elementor-column-gap-custom\">\n\t\t\t\t\t<div class=\"elementor-column elementor-col-100 elementor-top-column elementor-element elementor-element-1238b92e\" data-id=\"1238b92e\" data-element_type=\"column\" data-e-type=\"column\">\n\t\t\t<div class=\"elementor-widget-wrap elementor-element-populated\">\n\t\t\t\t\t\t<section class=\"elementor-section elementor-inner-section elementor-element elementor-element-473f8bcf elementor-section-height-min-height elementor-section-boxed elementor-section-height-default\" data-id=\"473f8bcf\" data-element_type=\"section\" data-e-type=\"section\">\n\t\t\t\t\t\t<div class=\"elementor-container elementor-column-gap-custom\">\n\t\t\t\t\t<div class=\"elementor-column elementor-col-33 elementor-inner-column elementor-element elementor-element-11ddcade\" data-id=\"11ddcade\" data-element_type=\"column\" data-e-type=\"column\">\n\t\t\t<div class=\"elementor-widget-wrap elementor-element-populated\">\n\t\t\t\t\t\t<div class=\"elementor-element elementor-element-7283284b de_scroll_animation_no elementor-widget elementor-widget-text-editor\" data-id=\"7283284b\" data-element_type=\"widget\" data-e-type=\"widget\" data-widget_type=\"text-editor.default\">\n\t\t\t\t<div class=\"elementor-widget-container\">\n\t\t\t\t\t\t\t\t\t<h6>LIVESTOCK FARMING REGIONS<\/h6><p>Livestock farming territories are varied social constructions, involving multiple stakeholders with their different practices and representations.<\/p><p><em>\"Being a farmer is first a way of being with animals\". <\/em>but<em> \"it can also represent a way of being in one's territory, in an enduring and careful relationship to the space. \u00bb <\/em>Pastoralism is the archetypal form of farming rooted in the land, with a powerful symbolism crystallized around the figure of the shepherd, the sheep and the great outdoors.<\/p>\t\t\t\t\t\t\t\t<\/div>\n\t\t\t\t<\/div>\n\t\t\t\t\t<\/div>\n\t\t<\/div>\n\t\t\t\t<div class=\"elementor-column elementor-col-33 elementor-inner-column elementor-element elementor-element-07eb904\" data-id=\"07eb904\" data-element_type=\"column\" data-e-type=\"column\">\n\t\t\t<div class=\"elementor-widget-wrap elementor-element-populated\">\n\t\t\t\t\t\t<div class=\"elementor-element elementor-element-b3765d2 de_scroll_animation_no elementor-widget elementor-widget-text-editor\" data-id=\"b3765d2\" data-element_type=\"widget\" data-e-type=\"widget\" data-widget_type=\"text-editor.default\">\n\t\t\t\t<div class=\"elementor-widget-container\">\n\t\t\t\t\t\t\t\t\t<h6>Promoting livestock products<\/h6><p>Livestock products are part of the debate on the relocalization of the economy and food systems. This \"territorial turn\" in the agricultural and food economy has given particular prominence to quality systems claiming links to origin: Appellations d'Origine Prot\u00e9g\u00e9e (AOP), Indications G\u00e9ographiques Prot\u00e9g\u00e9es (IGP).<\/p>\t\t\t\t\t\t\t\t<\/div>\n\t\t\t\t<\/div>\n\t\t\t\t\t<\/div>\n\t\t<\/div>\n\t\t\t\t<div class=\"elementor-column elementor-col-33 elementor-inner-column elementor-element elementor-element-a650982\" data-id=\"a650982\" data-element_type=\"column\" data-e-type=\"column\">\n\t\t\t<div class=\"elementor-widget-wrap elementor-element-populated\">\n\t\t\t\t\t\t<div class=\"elementor-element elementor-element-057f3b5 de_scroll_animation_no elementor-widget elementor-widget-text-editor\" data-id=\"057f3b5\" data-element_type=\"widget\" data-e-type=\"widget\" data-widget_type=\"text-editor.default\">\n\t\t\t\t<div class=\"elementor-widget-container\">\n\t\t\t\t\t\t\t\t\t<h6 class=\"texte\">\u00a0Multiple functions<\/h6><p class=\"texte\">Livestock farming not only plays a role in food production, but also in energy production through biomass. It plays a major role in the new functions of agriculture, as the<em>care farming<\/em> or the <em>social farming <\/em><em>. <\/em>It can have an important role in supporting different types of activities: leisure, tourism, but also entertainment: it sometimes also plays an important cultural and heritage role.<\/p>\t\t\t\t\t\t\t\t<\/div>\n\t\t\t\t<\/div>\n\t\t\t\t\t<\/div>\n\t\t<\/div>\n\t\t\t\t\t<\/div>\n\t\t<\/section>\n\t\t\t\t\t<\/div>\n\t\t<\/div>\n\t\t\t\t\t<\/div>\n\t\t<\/section>\n\t\t\t\t<section class=\"elementor-section elementor-top-section elementor-element elementor-element-87b5c24 elementor-section-boxed elementor-section-height-default elementor-section-height-default\" data-id=\"87b5c24\" data-element_type=\"section\" data-e-type=\"section\">\n\t\t\t\t\t\t<div class=\"elementor-container elementor-column-gap-default\">\n\t\t\t\t\t<div class=\"elementor-column elementor-col-100 elementor-top-column elementor-element elementor-element-e57aa0e\" data-id=\"e57aa0e\" data-element_type=\"column\" data-e-type=\"column\">\n\t\t\t<div class=\"elementor-widget-wrap elementor-element-populated\">\n\t\t\t\t\t\t<div class=\"elementor-element elementor-element-ed2a391 de_scroll_animation_no elementor-widget elementor-widget-button\" data-id=\"ed2a391\" data-element_type=\"widget\" data-e-type=\"widget\" data-widget_type=\"button.default\">\n\t\t\t\t<div class=\"elementor-widget-container\">\n\t\t\t\t\t\t\t\t\t<div class=\"elementor-button-wrapper\">\n\t\t\t\t\t<a class=\"elementor-button elementor-button-link elementor-size-sm\" href=\"https:\/\/tourismer-asso.org\/tourismer-action-ocean-indien-elevage\/\" target=\"_blank\" rel=\"noopener\">\n\t\t\t\t\t\t<span class=\"elementor-button-content-wrapper\">\n\t\t\t\t\t\t\t\t\t<span class=\"elementor-button-text\">find out the supported projects<\/span>\n\t\t\t\t\t<\/span>\n\t\t\t\t\t<\/a>\n\t\t\t\t<\/div>\n\t\t\t\t\t\t\t\t<\/div>\n\t\t\t\t<\/div>\n\t\t\t\t\t<\/div>\n\t\t<\/div>\n\t\t\t\t\t<\/div>\n\t\t<\/section>\n\t\t\t\t<\/div>","protected":false},"excerpt":{"rendered":"<p>TOURISME RESPONSABLE: SOUTENIR L&rsquo;ELEVAGE Elevage et d\u00e9veloppement durable L \u2019\u00e9levage assure l\u2019existence et la s\u00e9curit\u00e9 alimentaire de 1,3 milliards de personnes dans les pays en d\u00e9veloppement. Pour r\u00e9pondre \u00e0 une hausse mondiale de la demande et s\u2019adapter \u00e0 une mutation des modes de production et de commercialisation, l\u2019\u00e9levage fait face \u00e0 un d\u00e9fi majeur : [&hellip;]<\/p>\n","protected":false},"author":1,"featured_media":0,"parent":0,"menu_order":0,"comment_status":"closed","ping_status":"closed","template":"","meta":{"footnotes":""},"class_list":["post-4820","page","type-page","status-publish","hentry"],"yoast_head":"<!-- This site is optimized with the Yoast SEO plugin v27.4 - https:\/\/yoast.com\/product\/yoast-seo-wordpress\/ -->\n<title>Tourisme responsable soutenir l&#039;\u00e9levage - VOYAGE OCEAN INDIEN by TOURISMER<\/title>\n<meta name=\"description\" content=\"Tourisme responsable dans l&#039;oc\u00e9an indien avec Tourismer pour soutenir l&#039;\u00e9levage en pr\u00e9servant les ressources naturelles\" \/>\n<meta name=\"robots\" content=\"index, follow, max-snippet:-1, max-image-preview:large, max-video-preview:-1\" \/>\n<link rel=\"canonical\" href=\"https:\/\/www.tourismer.org\/en\/tourisme-responsable-soutenir-lelevage\/\" \/>\n<meta property=\"og:locale\" content=\"en_US\" \/>\n<meta property=\"og:type\" content=\"article\" \/>\n<meta property=\"og:title\" content=\"Tourisme responsable soutenir l&#039;\u00e9levage - VOYAGE OCEAN INDIEN by TOURISMER\" \/>\n<meta property=\"og:description\" content=\"Tourisme responsable dans l&#039;oc\u00e9an indien avec Tourismer pour soutenir l&#039;\u00e9levage en pr\u00e9servant les ressources naturelles\" \/>\n<meta property=\"og:url\" content=\"https:\/\/www.tourismer.org\/en\/tourisme-responsable-soutenir-lelevage\/\" \/>\n<meta property=\"og:site_name\" content=\"VOYAGE OCEAN INDIEN by TOURISMER\" \/>\n<meta property=\"article:modified_time\" content=\"2024-11-08T10:19:24+00:00\" \/>\n<meta property=\"og:image\" content=\"https:\/\/www.tourismer.org\/wp-content\/uploads\/2023\/07\/Elevage-1.png\" \/>\n\t<meta property=\"og:image:width\" content=\"1024\" \/>\n\t<meta property=\"og:image:height\" content=\"768\" \/>\n\t<meta property=\"og:image:type\" content=\"image\/png\" \/>\n<meta name=\"twitter:card\" content=\"summary_large_image\" \/>\n<meta name=\"twitter:label1\" content=\"Est. reading time\" \/>\n\t<meta name=\"twitter:data1\" content=\"2 minutes\" \/>\n<script type=\"application\/ld+json\" class=\"yoast-schema-graph\">{\"@context\":\"https:\\\/\\\/schema.org\",\"@graph\":[{\"@type\":\"WebPage\",\"@id\":\"https:\\\/\\\/www.tourismer.org\\\/tourisme-responsable-soutenir-lelevage\\\/\",\"url\":\"https:\\\/\\\/www.tourismer.org\\\/tourisme-responsable-soutenir-lelevage\\\/\",\"name\":\"Tourisme responsable soutenir l'\u00e9levage - VOYAGE OCEAN INDIEN by TOURISMER\",\"isPartOf\":{\"@id\":\"https:\\\/\\\/www.tourismer.org\\\/#website\"},\"primaryImageOfPage\":{\"@id\":\"https:\\\/\\\/www.tourismer.org\\\/tourisme-responsable-soutenir-lelevage\\\/#primaryimage\"},\"image\":{\"@id\":\"https:\\\/\\\/www.tourismer.org\\\/tourisme-responsable-soutenir-lelevage\\\/#primaryimage\"},\"thumbnailUrl\":\"https:\\\/\\\/www.tourismer.org\\\/wp-content\\\/uploads\\\/2023\\\/07\\\/Elevage-1-300x225.png\",\"datePublished\":\"2023-03-27T15:06:36+00:00\",\"dateModified\":\"2024-11-08T10:19:24+00:00\",\"description\":\"Tourisme responsable dans l'oc\u00e9an indien avec Tourismer pour soutenir l'\u00e9levage en pr\u00e9servant les ressources naturelles\",\"breadcrumb\":{\"@id\":\"https:\\\/\\\/www.tourismer.org\\\/tourisme-responsable-soutenir-lelevage\\\/#breadcrumb\"},\"inLanguage\":\"en-US\",\"potentialAction\":[{\"@type\":\"ReadAction\",\"target\":[\"https:\\\/\\\/www.tourismer.org\\\/tourisme-responsable-soutenir-lelevage\\\/\"]}]},{\"@type\":\"ImageObject\",\"inLanguage\":\"en-US\",\"@id\":\"https:\\\/\\\/www.tourismer.org\\\/tourisme-responsable-soutenir-lelevage\\\/#primaryimage\",\"url\":\"https:\\\/\\\/www.tourismer.org\\\/wp-content\\\/uploads\\\/2023\\\/07\\\/Elevage-1-300x225.png\",\"contentUrl\":\"https:\\\/\\\/www.tourismer.org\\\/wp-content\\\/uploads\\\/2023\\\/07\\\/Elevage-1-300x225.png\"},{\"@type\":\"BreadcrumbList\",\"@id\":\"https:\\\/\\\/www.tourismer.org\\\/tourisme-responsable-soutenir-lelevage\\\/#breadcrumb\",\"itemListElement\":[{\"@type\":\"ListItem\",\"position\":1,\"name\":\"Accueil\",\"item\":\"https:\\\/\\\/www.tourismer.org\\\/\"},{\"@type\":\"ListItem\",\"position\":2,\"name\":\"Tourisme responsable soutenir l&rsquo;\u00e9levage\"}]},{\"@type\":\"WebSite\",\"@id\":\"https:\\\/\\\/www.tourismer.org\\\/#website\",\"url\":\"https:\\\/\\\/www.tourismer.org\\\/\",\"name\":\"VOYAGE OCEAN INDIEN by TOURISMER\",\"description\":\"Tourismer l&#039;expert des Voyages responsables Oc\u00e9an Indien\",\"publisher\":{\"@id\":\"https:\\\/\\\/www.tourismer.org\\\/#organization\"},\"potentialAction\":[{\"@type\":\"SearchAction\",\"target\":{\"@type\":\"EntryPoint\",\"urlTemplate\":\"https:\\\/\\\/www.tourismer.org\\\/?s={search_term_string}\"},\"query-input\":{\"@type\":\"PropertyValueSpecification\",\"valueRequired\":true,\"valueName\":\"search_term_string\"}}],\"inLanguage\":\"en-US\"},{\"@type\":\"Organization\",\"@id\":\"https:\\\/\\\/www.tourismer.org\\\/#organization\",\"name\":\"VOYAGE OCEAN INDIEN by TOURISMER\",\"url\":\"https:\\\/\\\/www.tourismer.org\\\/\",\"logo\":{\"@type\":\"ImageObject\",\"inLanguage\":\"en-US\",\"@id\":\"https:\\\/\\\/www.tourismer.org\\\/#\\\/schema\\\/logo\\\/image\\\/\",\"url\":\"https:\\\/\\\/www.tourismer.org\\\/wp-content\\\/uploads\\\/2023\\\/05\\\/Tourismer.webp\",\"contentUrl\":\"https:\\\/\\\/www.tourismer.org\\\/wp-content\\\/uploads\\\/2023\\\/05\\\/Tourismer.webp\",\"width\":1640,\"height\":800,\"caption\":\"VOYAGE OCEAN INDIEN by TOURISMER\"},\"image\":{\"@id\":\"https:\\\/\\\/www.tourismer.org\\\/#\\\/schema\\\/logo\\\/image\\\/\"}}]}<\/script>\n<!-- \/ Yoast SEO plugin. -->","yoast_head_json":{"title":"Tourisme responsable soutenir l'\u00e9levage - VOYAGE OCEAN INDIEN by TOURISMER","description":"Tourisme responsable dans l'oc\u00e9an indien avec Tourismer pour soutenir l'\u00e9levage en pr\u00e9servant les ressources naturelles","robots":{"index":"index","follow":"follow","max-snippet":"max-snippet:-1","max-image-preview":"max-image-preview:large","max-video-preview":"max-video-preview:-1"},"canonical":"https:\/\/www.tourismer.org\/en\/tourisme-responsable-soutenir-lelevage\/","og_locale":"en_US","og_type":"article","og_title":"Tourisme responsable soutenir l'\u00e9levage - VOYAGE OCEAN INDIEN by TOURISMER","og_description":"Tourisme responsable dans l'oc\u00e9an indien avec Tourismer pour soutenir l'\u00e9levage en pr\u00e9servant les ressources naturelles","og_url":"https:\/\/www.tourismer.org\/en\/tourisme-responsable-soutenir-lelevage\/","og_site_name":"VOYAGE OCEAN INDIEN by TOURISMER","article_modified_time":"2024-11-08T10:19:24+00:00","og_image":[{"width":1024,"height":768,"url":"https:\/\/www.tourismer.org\/wp-content\/uploads\/2023\/07\/Elevage-1.png","type":"image\/png"}],"twitter_card":"summary_large_image","twitter_misc":{"Est. reading time":"2 minutes"},"schema":{"@context":"https:\/\/schema.org","@graph":[{"@type":"WebPage","@id":"https:\/\/www.tourismer.org\/tourisme-responsable-soutenir-lelevage\/","url":"https:\/\/www.tourismer.org\/tourisme-responsable-soutenir-lelevage\/","name":"Tourisme responsable soutenir l'\u00e9levage - VOYAGE OCEAN INDIEN by TOURISMER","isPartOf":{"@id":"https:\/\/www.tourismer.org\/#website"},"primaryImageOfPage":{"@id":"https:\/\/www.tourismer.org\/tourisme-responsable-soutenir-lelevage\/#primaryimage"},"image":{"@id":"https:\/\/www.tourismer.org\/tourisme-responsable-soutenir-lelevage\/#primaryimage"},"thumbnailUrl":"https:\/\/www.tourismer.org\/wp-content\/uploads\/2023\/07\/Elevage-1-300x225.png","datePublished":"2023-03-27T15:06:36+00:00","dateModified":"2024-11-08T10:19:24+00:00","description":"Tourisme responsable dans l'oc\u00e9an indien avec Tourismer pour soutenir l'\u00e9levage en pr\u00e9servant les ressources naturelles","breadcrumb":{"@id":"https:\/\/www.tourismer.org\/tourisme-responsable-soutenir-lelevage\/#breadcrumb"},"inLanguage":"en-US","potentialAction":[{"@type":"ReadAction","target":["https:\/\/www.tourismer.org\/tourisme-responsable-soutenir-lelevage\/"]}]},{"@type":"ImageObject","inLanguage":"en-US","@id":"https:\/\/www.tourismer.org\/tourisme-responsable-soutenir-lelevage\/#primaryimage","url":"https:\/\/www.tourismer.org\/wp-content\/uploads\/2023\/07\/Elevage-1-300x225.png","contentUrl":"https:\/\/www.tourismer.org\/wp-content\/uploads\/2023\/07\/Elevage-1-300x225.png"},{"@type":"BreadcrumbList","@id":"https:\/\/www.tourismer.org\/tourisme-responsable-soutenir-lelevage\/#breadcrumb","itemListElement":[{"@type":"ListItem","position":1,"name":"Accueil","item":"https:\/\/www.tourismer.org\/"},{"@type":"ListItem","position":2,"name":"Tourisme responsable soutenir l&rsquo;\u00e9levage"}]},{"@type":"WebSite","@id":"https:\/\/www.tourismer.org\/#website","url":"https:\/\/www.tourismer.org\/","name":"INDIAN OCEAN TRAVEL by TOURISMER","description":"Tourismer l&#039;expert des Voyages responsables Oc\u00e9an Indien","publisher":{"@id":"https:\/\/www.tourismer.org\/#organization"},"potentialAction":[{"@type":"SearchAction","target":{"@type":"EntryPoint","urlTemplate":"https:\/\/www.tourismer.org\/?s={search_term_string}"},"query-input":{"@type":"PropertyValueSpecification","valueRequired":true,"valueName":"search_term_string"}}],"inLanguage":"en-US"},{"@type":"Organization","@id":"https:\/\/www.tourismer.org\/#organization","name":"INDIAN OCEAN TRAVEL by TOURISMER","url":"https:\/\/www.tourismer.org\/","logo":{"@type":"ImageObject","inLanguage":"en-US","@id":"https:\/\/www.tourismer.org\/#\/schema\/logo\/image\/","url":"https:\/\/www.tourismer.org\/wp-content\/uploads\/2023\/05\/Tourismer.webp","contentUrl":"https:\/\/www.tourismer.org\/wp-content\/uploads\/2023\/05\/Tourismer.webp","width":1640,"height":800,"caption":"VOYAGE OCEAN INDIEN by TOURISMER"},"image":{"@id":"https:\/\/www.tourismer.org\/#\/schema\/logo\/image\/"}}]}},"_links":{"self":[{"href":"https:\/\/www.tourismer.org\/en\/wp-json\/wp\/v2\/pages\/4820","targetHints":{"allow":["GET"]}}],"collection":[{"href":"https:\/\/www.tourismer.org\/en\/wp-json\/wp\/v2\/pages"}],"about":[{"href":"https:\/\/www.tourismer.org\/en\/wp-json\/wp\/v2\/types\/page"}],"author":[{"embeddable":true,"href":"https:\/\/www.tourismer.org\/en\/wp-json\/wp\/v2\/users\/1"}],"replies":[{"embeddable":true,"href":"https:\/\/www.tourismer.org\/en\/wp-json\/wp\/v2\/comments?post=4820"}],"version-history":[{"count":0,"href":"https:\/\/www.tourismer.org\/en\/wp-json\/wp\/v2\/pages\/4820\/revisions"}],"wp:attachment":[{"href":"https:\/\/www.tourismer.org\/en\/wp-json\/wp\/v2\/media?parent=4820"}],"curies":[{"name":"wp","href":"https:\/\/api.w.org\/{rel}","templated":true}]}}