{"id":7172,"date":"2023-04-24T10:29:30","date_gmt":"2023-04-24T08:29:30","guid":{"rendered":"https:\/\/www.tourismer.org\/?page_id=7172"},"modified":"2024-11-08T11:58:41","modified_gmt":"2024-11-08T10:58:41","slug":"tourisme-responsable-preserver-sante","status":"publish","type":"page","link":"https:\/\/www.tourismer.org\/en\/tourisme-responsable-preserver-sante\/","title":{"rendered":"Responsible tourism preserving health"},"content":{"rendered":"<div data-elementor-type=\"wp-page\" data-elementor-id=\"7172\" class=\"elementor elementor-7172\">\n\t\t\t\t\t\t<section class=\"elementor-section elementor-top-section elementor-element elementor-element-125f1acd elementor-section-height-min-height elementor-section-boxed elementor-section-height-default elementor-section-items-middle elementor-invisible\" data-id=\"125f1acd\" data-element_type=\"section\" data-e-type=\"section\" data-settings=\"{&quot;background_background&quot;:&quot;classic&quot;,&quot;animation&quot;:&quot;fadeIn&quot;}\">\n\t\t\t\t\t\t\t<div class=\"elementor-background-overlay\"><\/div>\n\t\t\t\t\t\t\t<div class=\"elementor-container elementor-column-gap-default\">\n\t\t\t\t\t<div class=\"elementor-column elementor-col-100 elementor-top-column elementor-element elementor-element-74a06388\" data-id=\"74a06388\" data-element_type=\"column\" data-e-type=\"column\">\n\t\t\t<div class=\"elementor-widget-wrap elementor-element-populated\">\n\t\t\t\t\t\t<div class=\"elementor-element elementor-element-7bc6492b de_scroll_animation_no elementor-invisible elementor-widget elementor-widget-heading\" data-id=\"7bc6492b\" data-element_type=\"widget\" data-e-type=\"widget\" data-settings=\"{&quot;_animation&quot;:&quot;fadeInDown&quot;}\" data-widget_type=\"heading.default\">\n\t\t\t\t<div class=\"elementor-widget-container\">\n\t\t\t\t\t<h1 class=\"elementor-heading-title elementor-size-large\">RESPONSIBLE TOURISM\nPRESERVE HEALTH<\/h1>\t\t\t\t<\/div>\n\t\t\t\t<\/div>\n\t\t\t\t\t<\/div>\n\t\t<\/div>\n\t\t\t\t\t<\/div>\n\t\t<\/section>\n\t\t\t\t<section class=\"elementor-section elementor-top-section elementor-element elementor-element-7637852f elementor-section-full_width elementor-section-content-middle elementor-section-height-default elementor-section-height-default\" data-id=\"7637852f\" data-element_type=\"section\" data-e-type=\"section\" data-settings=\"{&quot;background_background&quot;:&quot;classic&quot;}\">\n\t\t\t\t\t\t<div class=\"elementor-container elementor-column-gap-no\">\n\t\t\t\t\t<div class=\"elementor-column elementor-col-100 elementor-top-column elementor-element elementor-element-4adcb1b5\" data-id=\"4adcb1b5\" data-element_type=\"column\" data-e-type=\"column\">\n\t\t\t<div class=\"elementor-widget-wrap elementor-element-populated\">\n\t\t\t\t\t\t<div class=\"elementor-element elementor-element-14b9b959 elementor-position-left elementor-vertical-align-top de_scroll_animation_no elementor-widget elementor-widget-image-box\" data-id=\"14b9b959\" data-element_type=\"widget\" data-e-type=\"widget\" data-widget_type=\"image-box.default\">\n\t\t\t\t<div class=\"elementor-widget-container\">\n\t\t\t\t\t<div class=\"elementor-image-box-wrapper\"><figure class=\"elementor-image-box-img\"><img fetchpriority=\"high\" decoding=\"async\" width=\"300\" height=\"225\" src=\"https:\/\/www.tourismer.org\/wp-content\/uploads\/2023\/07\/Sante-3-300x225.png\" class=\"attachment-medium size-medium wp-image-11680\" alt=\"\" srcset=\"https:\/\/www.tourismer.org\/wp-content\/uploads\/2023\/07\/Sante-3-300x225.png 300w, https:\/\/www.tourismer.org\/wp-content\/uploads\/2023\/07\/Sante-3-768x576.png 768w, https:\/\/www.tourismer.org\/wp-content\/uploads\/2023\/07\/Sante-3.png 1024w\" sizes=\"(max-width: 300px) 100vw, 300px\" \/><\/figure><div class=\"elementor-image-box-content\"><h3 class=\"elementor-image-box-title\">Health in developing countries <\/h3><p class=\"elementor-image-box-description\">A healthy population is the engine of a strong economy.\n\nThis is especially true in a world where productivity and innovation depend on the vitality of workers. When people have access to adequate health care, they are more likely to actively participate in economic life, be creative, and contribute positively to society. <\/p><\/div><\/div>\t\t\t\t<\/div>\n\t\t\t\t<\/div>\n\t\t\t\t\t<\/div>\n\t\t<\/div>\n\t\t\t\t\t<\/div>\n\t\t<\/section>\n\t\t\t\t<section class=\"elementor-section elementor-top-section elementor-element elementor-element-f3a0304 elementor-section-full_width elementor-section-content-middle elementor-section-height-default elementor-section-height-default\" data-id=\"f3a0304\" data-element_type=\"section\" data-e-type=\"section\">\n\t\t\t\t\t\t<div class=\"elementor-container elementor-column-gap-custom\">\n\t\t\t\t\t<div class=\"elementor-column elementor-col-100 elementor-top-column elementor-element elementor-element-788ad654\" data-id=\"788ad654\" data-element_type=\"column\" data-e-type=\"column\">\n\t\t\t<div class=\"elementor-widget-wrap elementor-element-populated\">\n\t\t\t\t\t\t<section class=\"elementor-section elementor-inner-section elementor-element elementor-element-1f0ec5ca elementor-section-boxed elementor-section-height-default elementor-section-height-default\" data-id=\"1f0ec5ca\" data-element_type=\"section\" data-e-type=\"section\">\n\t\t\t\t\t\t<div class=\"elementor-container elementor-column-gap-custom\">\n\t\t\t\t\t<div class=\"elementor-column elementor-col-33 elementor-inner-column elementor-element elementor-element-794657a1\" data-id=\"794657a1\" data-element_type=\"column\" data-e-type=\"column\">\n\t\t\t<div class=\"elementor-widget-wrap elementor-element-populated\">\n\t\t\t\t\t\t<div class=\"elementor-element elementor-element-33ef719d de_scroll_animation_no elementor-widget elementor-widget-text-editor\" data-id=\"33ef719d\" data-element_type=\"widget\" data-e-type=\"widget\" data-widget_type=\"text-editor.default\">\n\t\t\t\t<div class=\"elementor-widget-container\">\n\t\t\t\t\t\t\t\t\t<h6>Child health<\/h6><p>According to the State of the World's Children 2023 report, 1 in 5 children still does not have access to life-saving vaccines despite undeniable progress over decades. It is essential to act now to vaccinate every child, regardless of where they are born, who they are or where they live.<\/p><h6>\u00a0<\/h6>\t\t\t\t\t\t\t\t<\/div>\n\t\t\t\t<\/div>\n\t\t\t\t\t<\/div>\n\t\t<\/div>\n\t\t\t\t<div class=\"elementor-column elementor-col-33 elementor-inner-column elementor-element elementor-element-ac24be1\" data-id=\"ac24be1\" data-element_type=\"column\" data-e-type=\"column\">\n\t\t\t<div class=\"elementor-widget-wrap elementor-element-populated\">\n\t\t\t\t\t\t<div class=\"elementor-element elementor-element-c3a7579 de_scroll_animation_no elementor-widget elementor-widget-text-editor\" data-id=\"c3a7579\" data-element_type=\"widget\" data-e-type=\"widget\" data-widget_type=\"text-editor.default\">\n\t\t\t\t<div class=\"elementor-widget-container\">\n\t\t\t\t\t\t\t\t\t<h6>MOTHER HEALTH<\/h6><p>Recognizing that it is possible to accelerate the decline in maternal mortality, countries have now set themselves a new target to further reduce maternal mortality. One of the targets of the Sustainable Development Goal is to reduce the global maternal mortality rate below 70 per 100,000 live births, with no country having a maternal mortality rate higher than twice the world average.<\/p><div id=\"simple-translate\" class=\"simple-translate-system-theme\"><div><div class=\"simple-translate-button isShow\" style=\"background-image: url('moz-extension:\/\/89271989-af1e-4c53-a03f-e67acd427185\/icons\/512.png'); height: 22px; width: 22px; top: 90px; left: 317px;\">\u00a0<\/div><div class=\"simple-translate-panel\" style=\"width: 300px; height: 200px; top: 0px; left: 0px; font-size: 13px;\"><div class=\"simple-translate-result-wrapper\" style=\"overflow: hidden;\"><div class=\"simple-translate-move\" draggable=\"true\">\u00a0<\/div><div class=\"simple-translate-result-contents\"><p class=\"simple-translate-candidate\" dir=\"auto\">\u00a0<\/p><\/div><\/div><\/div><\/div><\/div>\t\t\t\t\t\t\t\t<\/div>\n\t\t\t\t<\/div>\n\t\t\t\t\t<\/div>\n\t\t<\/div>\n\t\t\t\t<div class=\"elementor-column elementor-col-33 elementor-inner-column elementor-element elementor-element-4607af2\" data-id=\"4607af2\" data-element_type=\"column\" data-e-type=\"column\">\n\t\t\t<div class=\"elementor-widget-wrap elementor-element-populated\">\n\t\t\t\t\t\t<div class=\"elementor-element elementor-element-0507166 de_scroll_animation_no elementor-widget elementor-widget-text-editor\" data-id=\"0507166\" data-element_type=\"widget\" data-e-type=\"widget\" data-widget_type=\"text-editor.default\">\n\t\t\t\t<div class=\"elementor-widget-container\">\n\t\t\t\t\t\t\t\t\t<h6>DISEASE TREATMENT<\/h6><p>The tragedy of poor populations is when the breadwinner falls ill. From one day to the next, they find themselves without money and without food. Malnutrition sets in and impacts health, and children drop out of school to go to work and earn a few coins. And this vicious cycle deepens the problems. This is why poor and developing countries must place health at the heart of their public development policies.<\/p><h3 class=\"text-align-center\" lang=\"EN-US\" xml:lang=\"EN-US\">\u00a0<\/h3>\t\t\t\t\t\t\t\t<\/div>\n\t\t\t\t<\/div>\n\t\t\t\t\t<\/div>\n\t\t<\/div>\n\t\t\t\t\t<\/div>\n\t\t<\/section>\n\t\t\t\t\t<\/div>\n\t\t<\/div>\n\t\t\t\t\t<\/div>\n\t\t<\/section>\n\t\t\t\t<section class=\"elementor-section elementor-top-section elementor-element elementor-element-b7a68ae elementor-section-boxed elementor-section-height-default elementor-section-height-default\" data-id=\"b7a68ae\" data-element_type=\"section\" data-e-type=\"section\">\n\t\t\t\t\t\t<div class=\"elementor-container elementor-column-gap-default\">\n\t\t\t\t\t<div class=\"elementor-column elementor-col-100 elementor-top-column elementor-element elementor-element-5a9f675\" data-id=\"5a9f675\" data-element_type=\"column\" data-e-type=\"column\">\n\t\t\t<div class=\"elementor-widget-wrap elementor-element-populated\">\n\t\t\t\t\t\t<div class=\"elementor-element elementor-element-b4458dd de_scroll_animation_no elementor-widget elementor-widget-button\" data-id=\"b4458dd\" data-element_type=\"widget\" data-e-type=\"widget\" data-widget_type=\"button.default\">\n\t\t\t\t<div class=\"elementor-widget-container\">\n\t\t\t\t\t\t\t\t\t<div class=\"elementor-button-wrapper\">\n\t\t\t\t\t<a class=\"elementor-button elementor-button-link elementor-size-sm\" href=\"https:\/\/tourismer-asso.org\/tourismer-action-ocean-indien-sante\/\" target=\"_blank\" rel=\"noopener\">\n\t\t\t\t\t\t<span class=\"elementor-button-content-wrapper\">\n\t\t\t\t\t\t\t\t\t<span class=\"elementor-button-text\">find out the supported projects<\/span>\n\t\t\t\t\t<\/span>\n\t\t\t\t\t<\/a>\n\t\t\t\t<\/div>\n\t\t\t\t\t\t\t\t<\/div>\n\t\t\t\t<\/div>\n\t\t\t\t\t<\/div>\n\t\t<\/div>\n\t\t\t\t\t<\/div>\n\t\t<\/section>\n\t\t\t\t<\/div>","protected":false},"excerpt":{"rendered":"<p>TOURISME RESPONSABLE PRESERVER LA SANT\u00c9 La sant\u00e9 dans les pays en d\u00e9veloppement Une population en bonne sant\u00e9 est le moteur d\u2019une \u00e9conomie solide. Cela est particuli\u00e8rement vrai dans un monde o\u00f9 la productivit\u00e9 et l\u2019innovation d\u00e9pendent de la vitalit\u00e9 des travailleurs. Lorsque les individus ont acc\u00e8s \u00e0 des soins de sant\u00e9 ad\u00e9quats, ils sont plus [&hellip;]<\/p>\n","protected":false},"author":1,"featured_media":0,"parent":0,"menu_order":0,"comment_status":"closed","ping_status":"closed","template":"","meta":{"footnotes":""},"class_list":["post-7172","page","type-page","status-publish","hentry"],"yoast_head":"<!-- This site is optimized with the Yoast SEO plugin v27.3 - https:\/\/yoast.com\/product\/yoast-seo-wordpress\/ -->\n<title>Tourisme responsable pr\u00e9server la sant\u00e9 - VOYAGE OCEAN INDIEN by TOURISMER<\/title>\n<meta name=\"description\" content=\"Tourisme responsable dans l&#039;Oc\u00e9an Indien avec Tourismer pour pr\u00e9server la sant\u00e9 dans les pays de l&#039;Oc\u00e9an Indien\" \/>\n<meta name=\"robots\" content=\"index, follow, max-snippet:-1, max-image-preview:large, max-video-preview:-1\" \/>\n<link rel=\"canonical\" href=\"https:\/\/www.tourismer.org\/en\/tourisme-responsable-preserver-sante\/\" \/>\n<meta property=\"og:locale\" content=\"en_US\" \/>\n<meta property=\"og:type\" content=\"article\" \/>\n<meta property=\"og:title\" content=\"Tourisme responsable pr\u00e9server la sant\u00e9 - VOYAGE OCEAN INDIEN by TOURISMER\" \/>\n<meta property=\"og:description\" content=\"Tourisme responsable dans l&#039;Oc\u00e9an Indien avec Tourismer pour pr\u00e9server la sant\u00e9 dans les pays de l&#039;Oc\u00e9an Indien\" \/>\n<meta property=\"og:url\" content=\"https:\/\/www.tourismer.org\/en\/tourisme-responsable-preserver-sante\/\" \/>\n<meta property=\"og:site_name\" content=\"VOYAGE OCEAN INDIEN by TOURISMER\" \/>\n<meta property=\"article:modified_time\" content=\"2024-11-08T10:58:41+00:00\" \/>\n<meta property=\"og:image\" content=\"https:\/\/www.tourismer.org\/wp-content\/uploads\/2023\/07\/Sante-3.png\" \/>\n\t<meta property=\"og:image:width\" content=\"1024\" \/>\n\t<meta property=\"og:image:height\" content=\"768\" \/>\n\t<meta property=\"og:image:type\" content=\"image\/png\" \/>\n<meta name=\"twitter:card\" content=\"summary_large_image\" \/>\n<meta name=\"twitter:label1\" content=\"Est. reading time\" \/>\n\t<meta name=\"twitter:data1\" content=\"2 minutes\" \/>\n<script type=\"application\/ld+json\" class=\"yoast-schema-graph\">{\"@context\":\"https:\\\/\\\/schema.org\",\"@graph\":[{\"@type\":\"WebPage\",\"@id\":\"https:\\\/\\\/www.tourismer.org\\\/tourisme-responsable-preserver-sante\\\/\",\"url\":\"https:\\\/\\\/www.tourismer.org\\\/tourisme-responsable-preserver-sante\\\/\",\"name\":\"Tourisme responsable pr\u00e9server la sant\u00e9 - VOYAGE OCEAN INDIEN by TOURISMER\",\"isPartOf\":{\"@id\":\"https:\\\/\\\/www.tourismer.org\\\/#website\"},\"primaryImageOfPage\":{\"@id\":\"https:\\\/\\\/www.tourismer.org\\\/tourisme-responsable-preserver-sante\\\/#primaryimage\"},\"image\":{\"@id\":\"https:\\\/\\\/www.tourismer.org\\\/tourisme-responsable-preserver-sante\\\/#primaryimage\"},\"thumbnailUrl\":\"https:\\\/\\\/www.tourismer.org\\\/wp-content\\\/uploads\\\/2023\\\/07\\\/Sante-3-300x225.png\",\"datePublished\":\"2023-04-24T08:29:30+00:00\",\"dateModified\":\"2024-11-08T10:58:41+00:00\",\"description\":\"Tourisme responsable dans l'Oc\u00e9an Indien avec Tourismer pour pr\u00e9server la sant\u00e9 dans les pays de l'Oc\u00e9an Indien\",\"breadcrumb\":{\"@id\":\"https:\\\/\\\/www.tourismer.org\\\/tourisme-responsable-preserver-sante\\\/#breadcrumb\"},\"inLanguage\":\"en-US\",\"potentialAction\":[{\"@type\":\"ReadAction\",\"target\":[\"https:\\\/\\\/www.tourismer.org\\\/tourisme-responsable-preserver-sante\\\/\"]}]},{\"@type\":\"ImageObject\",\"inLanguage\":\"en-US\",\"@id\":\"https:\\\/\\\/www.tourismer.org\\\/tourisme-responsable-preserver-sante\\\/#primaryimage\",\"url\":\"https:\\\/\\\/www.tourismer.org\\\/wp-content\\\/uploads\\\/2023\\\/07\\\/Sante-3-300x225.png\",\"contentUrl\":\"https:\\\/\\\/www.tourismer.org\\\/wp-content\\\/uploads\\\/2023\\\/07\\\/Sante-3-300x225.png\"},{\"@type\":\"BreadcrumbList\",\"@id\":\"https:\\\/\\\/www.tourismer.org\\\/tourisme-responsable-preserver-sante\\\/#breadcrumb\",\"itemListElement\":[{\"@type\":\"ListItem\",\"position\":1,\"name\":\"Accueil\",\"item\":\"https:\\\/\\\/www.tourismer.org\\\/\"},{\"@type\":\"ListItem\",\"position\":2,\"name\":\"Tourisme responsable pr\u00e9server la sant\u00e9\"}]},{\"@type\":\"WebSite\",\"@id\":\"https:\\\/\\\/www.tourismer.org\\\/#website\",\"url\":\"https:\\\/\\\/www.tourismer.org\\\/\",\"name\":\"VOYAGE OCEAN INDIEN by TOURISMER\",\"description\":\"Tourismer l&#039;expert des Voyages responsables Oc\u00e9an Indien\",\"publisher\":{\"@id\":\"https:\\\/\\\/www.tourismer.org\\\/#organization\"},\"potentialAction\":[{\"@type\":\"SearchAction\",\"target\":{\"@type\":\"EntryPoint\",\"urlTemplate\":\"https:\\\/\\\/www.tourismer.org\\\/?s={search_term_string}\"},\"query-input\":{\"@type\":\"PropertyValueSpecification\",\"valueRequired\":true,\"valueName\":\"search_term_string\"}}],\"inLanguage\":\"en-US\"},{\"@type\":\"Organization\",\"@id\":\"https:\\\/\\\/www.tourismer.org\\\/#organization\",\"name\":\"VOYAGE OCEAN INDIEN by TOURISMER\",\"url\":\"https:\\\/\\\/www.tourismer.org\\\/\",\"logo\":{\"@type\":\"ImageObject\",\"inLanguage\":\"en-US\",\"@id\":\"https:\\\/\\\/www.tourismer.org\\\/#\\\/schema\\\/logo\\\/image\\\/\",\"url\":\"https:\\\/\\\/www.tourismer.org\\\/wp-content\\\/uploads\\\/2023\\\/05\\\/Tourismer.webp\",\"contentUrl\":\"https:\\\/\\\/www.tourismer.org\\\/wp-content\\\/uploads\\\/2023\\\/05\\\/Tourismer.webp\",\"width\":1640,\"height\":800,\"caption\":\"VOYAGE OCEAN INDIEN by TOURISMER\"},\"image\":{\"@id\":\"https:\\\/\\\/www.tourismer.org\\\/#\\\/schema\\\/logo\\\/image\\\/\"}}]}<\/script>\n<!-- \/ Yoast SEO plugin. -->","yoast_head_json":{"title":"Tourisme responsable pr\u00e9server la sant\u00e9 - VOYAGE OCEAN INDIEN by TOURISMER","description":"Tourisme responsable dans l'Oc\u00e9an Indien avec Tourismer pour pr\u00e9server la sant\u00e9 dans les pays de l'Oc\u00e9an Indien","robots":{"index":"index","follow":"follow","max-snippet":"max-snippet:-1","max-image-preview":"max-image-preview:large","max-video-preview":"max-video-preview:-1"},"canonical":"https:\/\/www.tourismer.org\/en\/tourisme-responsable-preserver-sante\/","og_locale":"en_US","og_type":"article","og_title":"Tourisme responsable pr\u00e9server la sant\u00e9 - VOYAGE OCEAN INDIEN by TOURISMER","og_description":"Tourisme responsable dans l'Oc\u00e9an Indien avec Tourismer pour pr\u00e9server la sant\u00e9 dans les pays de l'Oc\u00e9an Indien","og_url":"https:\/\/www.tourismer.org\/en\/tourisme-responsable-preserver-sante\/","og_site_name":"VOYAGE OCEAN INDIEN by TOURISMER","article_modified_time":"2024-11-08T10:58:41+00:00","og_image":[{"width":1024,"height":768,"url":"https:\/\/www.tourismer.org\/wp-content\/uploads\/2023\/07\/Sante-3.png","type":"image\/png"}],"twitter_card":"summary_large_image","twitter_misc":{"Est. reading time":"2 minutes"},"schema":{"@context":"https:\/\/schema.org","@graph":[{"@type":"WebPage","@id":"https:\/\/www.tourismer.org\/tourisme-responsable-preserver-sante\/","url":"https:\/\/www.tourismer.org\/tourisme-responsable-preserver-sante\/","name":"Tourisme responsable pr\u00e9server la sant\u00e9 - VOYAGE OCEAN INDIEN by TOURISMER","isPartOf":{"@id":"https:\/\/www.tourismer.org\/#website"},"primaryImageOfPage":{"@id":"https:\/\/www.tourismer.org\/tourisme-responsable-preserver-sante\/#primaryimage"},"image":{"@id":"https:\/\/www.tourismer.org\/tourisme-responsable-preserver-sante\/#primaryimage"},"thumbnailUrl":"https:\/\/www.tourismer.org\/wp-content\/uploads\/2023\/07\/Sante-3-300x225.png","datePublished":"2023-04-24T08:29:30+00:00","dateModified":"2024-11-08T10:58:41+00:00","description":"Tourisme responsable dans l'Oc\u00e9an Indien avec Tourismer pour pr\u00e9server la sant\u00e9 dans les pays de l'Oc\u00e9an Indien","breadcrumb":{"@id":"https:\/\/www.tourismer.org\/tourisme-responsable-preserver-sante\/#breadcrumb"},"inLanguage":"en-US","potentialAction":[{"@type":"ReadAction","target":["https:\/\/www.tourismer.org\/tourisme-responsable-preserver-sante\/"]}]},{"@type":"ImageObject","inLanguage":"en-US","@id":"https:\/\/www.tourismer.org\/tourisme-responsable-preserver-sante\/#primaryimage","url":"https:\/\/www.tourismer.org\/wp-content\/uploads\/2023\/07\/Sante-3-300x225.png","contentUrl":"https:\/\/www.tourismer.org\/wp-content\/uploads\/2023\/07\/Sante-3-300x225.png"},{"@type":"BreadcrumbList","@id":"https:\/\/www.tourismer.org\/tourisme-responsable-preserver-sante\/#breadcrumb","itemListElement":[{"@type":"ListItem","position":1,"name":"Accueil","item":"https:\/\/www.tourismer.org\/"},{"@type":"ListItem","position":2,"name":"Tourisme responsable pr\u00e9server la sant\u00e9"}]},{"@type":"WebSite","@id":"https:\/\/www.tourismer.org\/#website","url":"https:\/\/www.tourismer.org\/","name":"INDIAN OCEAN TRAVEL by TOURISMER","description":"Tourismer l&#039;expert des Voyages responsables Oc\u00e9an Indien","publisher":{"@id":"https:\/\/www.tourismer.org\/#organization"},"potentialAction":[{"@type":"SearchAction","target":{"@type":"EntryPoint","urlTemplate":"https:\/\/www.tourismer.org\/?s={search_term_string}"},"query-input":{"@type":"PropertyValueSpecification","valueRequired":true,"valueName":"search_term_string"}}],"inLanguage":"en-US"},{"@type":"Organization","@id":"https:\/\/www.tourismer.org\/#organization","name":"INDIAN OCEAN TRAVEL by TOURISMER","url":"https:\/\/www.tourismer.org\/","logo":{"@type":"ImageObject","inLanguage":"en-US","@id":"https:\/\/www.tourismer.org\/#\/schema\/logo\/image\/","url":"https:\/\/www.tourismer.org\/wp-content\/uploads\/2023\/05\/Tourismer.webp","contentUrl":"https:\/\/www.tourismer.org\/wp-content\/uploads\/2023\/05\/Tourismer.webp","width":1640,"height":800,"caption":"VOYAGE OCEAN INDIEN by TOURISMER"},"image":{"@id":"https:\/\/www.tourismer.org\/#\/schema\/logo\/image\/"}}]}},"_links":{"self":[{"href":"https:\/\/www.tourismer.org\/en\/wp-json\/wp\/v2\/pages\/7172","targetHints":{"allow":["GET"]}}],"collection":[{"href":"https:\/\/www.tourismer.org\/en\/wp-json\/wp\/v2\/pages"}],"about":[{"href":"https:\/\/www.tourismer.org\/en\/wp-json\/wp\/v2\/types\/page"}],"author":[{"embeddable":true,"href":"https:\/\/www.tourismer.org\/en\/wp-json\/wp\/v2\/users\/1"}],"replies":[{"embeddable":true,"href":"https:\/\/www.tourismer.org\/en\/wp-json\/wp\/v2\/comments?post=7172"}],"version-history":[{"count":0,"href":"https:\/\/www.tourismer.org\/en\/wp-json\/wp\/v2\/pages\/7172\/revisions"}],"wp:attachment":[{"href":"https:\/\/www.tourismer.org\/en\/wp-json\/wp\/v2\/media?parent=7172"}],"curies":[{"name":"wp","href":"https:\/\/api.w.org\/{rel}","templated":true}]}}